{"id":15,"date":"2015-02-10T19:22:07","date_gmt":"2015-02-10T19:22:07","guid":{"rendered":"https:\/\/avada.theme-fusion.com_demos\/architecture\/?page_id=15"},"modified":"2025-02-27T12:02:05","modified_gmt":"2025-02-27T11:02:05","slug":"info","status":"publish","type":"page","link":"https:\/\/www.primvis.si\/index.php\/info\/","title":{"rendered":"INFO"},"content":{"rendered":"<p><div class=\"fusion-fullwidth fullwidth-box fusion-builder-row-1 fusion-flex-container has-pattern-background has-mask-background nonhundred-percent-fullwidth non-hundred-percent-height-scrolling\" style=\"--awb-background-position:center bottom;--awb-border-sizes-top:0px;--awb-border-sizes-bottom:0px;--awb-border-sizes-left:0px;--awb-border-sizes-right:0px;--awb-border-radius-top-left:0px;--awb-border-radius-top-right:0px;--awb-border-radius-bottom-right:0px;--awb-border-radius-bottom-left:0px;--awb-padding-top:130px;--awb-padding-bottom:100px;--awb-margin-top:-70px;--awb-flex-wrap:wrap;\" ><div class=\"fusion-builder-row fusion-row fusion-flex-align-items-flex-start fusion-flex-content-wrap\" style=\"max-width:1216.8px;margin-left: calc(-4% \/ 2 );margin-right: calc(-4% \/ 2 );\"><div class=\"fusion-layout-column fusion_builder_column fusion-builder-column-0 fusion_builder_column_1_2 1_2 fusion-flex-column\" style=\"--awb-bg-size:cover;--awb-width-large:50%;--awb-margin-top-large:0px;--awb-spacing-right-large:3.84%;--awb-margin-bottom-large:20px;--awb-spacing-left-large:3.84%;--awb-width-medium:100%;--awb-order-medium:0;--awb-spacing-right-medium:1.92%;--awb-spacing-left-medium:1.92%;--awb-width-small:100%;--awb-order-small:0;--awb-spacing-right-small:1.92%;--awb-spacing-left-small:1.92%;\"><div class=\"fusion-column-wrapper fusion-column-has-shadow fusion-flex-justify-content-flex-start fusion-content-layout-column\"><div class=\"fusion-title title fusion-title-1 fusion-sep-none fusion-title-text fusion-title-size-two\"><h2 class=\"fusion-title-heading title-heading-left\" style=\"margin:0;text-transform:capitalize;\">INFO<\/h2><\/div><div class=\"fusion-text fusion-text-1\" style=\"--awb-font-size:16px;--awb-text-color:var(--awb-color6);\"><p>PRIMVIS, vodenje investicij, in\u017eeniring in svetovanje, d.o.o.<br \/>\nKolodvorska pot 8<br \/>\nSI-5000\u00a0Nova Gorica<br \/>\nT: +386 41 310 439<br \/>\nE: info(at)primvis.si<\/p>\n<\/div><\/div><\/div><div class=\"fusion-layout-column fusion_builder_column fusion-builder-column-1 fusion_builder_column_1_2 1_2 fusion-flex-column\" style=\"--awb-bg-size:cover;--awb-width-large:50%;--awb-margin-top-large:20px;--awb-spacing-right-large:3.84%;--awb-margin-bottom-large:20px;--awb-spacing-left-large:3.84%;--awb-width-medium:100%;--awb-order-medium:0;--awb-spacing-right-medium:1.92%;--awb-spacing-left-medium:1.92%;--awb-width-small:100%;--awb-order-small:0;--awb-spacing-right-small:1.92%;--awb-spacing-left-small:1.92%;\" data-scroll-devices=\"small-visibility,medium-visibility,large-visibility\"><div class=\"fusion-column-wrapper fusion-column-has-shadow fusion-flex-justify-content-flex-start fusion-content-layout-column\"><a class=\"fusion-modal-text-link\" data-toggle=\"modal\" data-target=\".fusion-modal.Map\" href=\"#\"><iframe style=\"border: 0;\" src=\"https:\/\/www.google.com\/maps\/embed?pb=!1m18!1m12!1m3!1d1386.8999121946874!2d13.63399247236109!3d45.95528237096567!2m3!1f0!2f0!3f0!3m2!1i1024!2i768!4f13.1!3m3!1m2!1s0x477b00e46a97224f%3A0x8e5a837b1de2ce88!2sKolodvorska%20pot%208%2C%205000%20Nova%20Gorica!5e0!3m2!1ssl!2ssi!4v1727172401411!5m2!1ssl!2ssi\" width=\"560\" height=\"300\" allowfullscreen=\"allowfullscreen\"><\/iframe><\/a><\/div><\/div><\/div><\/div><div class=\"fusion-fullwidth fullwidth-box fusion-builder-row-2 fusion-flex-container has-pattern-background has-mask-background nonhundred-percent-fullwidth non-hundred-percent-height-scrolling\" style=\"--awb-border-radius-top-left:0px;--awb-border-radius-top-right:0px;--awb-border-radius-bottom-right:0px;--awb-border-radius-bottom-left:0px;--awb-margin-top:-50px;--awb-flex-wrap:wrap;\" ><div class=\"fusion-builder-row fusion-row fusion-flex-align-items-flex-start fusion-flex-content-wrap\" style=\"max-width:1216.8px;margin-left: calc(-4% \/ 2 );margin-right: calc(-4% \/ 2 );\"><div class=\"fusion-layout-column fusion_builder_column fusion-builder-column-2 fusion_builder_column_1_1 1_1 fusion-flex-column\" style=\"--awb-bg-size:cover;--awb-width-large:100%;--awb-margin-top-large:0px;--awb-spacing-right-large:1.92%;--awb-margin-bottom-large:20px;--awb-spacing-left-large:1.92%;--awb-width-medium:100%;--awb-order-medium:0;--awb-spacing-right-medium:1.92%;--awb-spacing-left-medium:1.92%;--awb-width-small:100%;--awb-order-small:0;--awb-spacing-right-small:1.92%;--awb-spacing-left-small:1.92%;\"><div class=\"fusion-column-wrapper fusion-column-has-shadow fusion-flex-justify-content-flex-start fusion-content-layout-column\"><div class=\"fusion-text fusion-text-2\"><style>#sp-ea-1072 .spcollapsing { height: 0; overflow: hidden; transition-property: height;transition-duration: 300ms;}#sp-ea-1072.sp-easy-accordion>.sp-ea-single {margin-bottom: 10px; border: 1px solid #e2e2e2; }#sp-ea-1072.sp-easy-accordion>.sp-ea-single>.ea-header a {color: #444;}#sp-ea-1072.sp-easy-accordion>.sp-ea-single>.sp-collapse>.ea-body {background: #fff; color: #444;}#sp-ea-1072.sp-easy-accordion>.sp-ea-single {background: #eee;}#sp-ea-1072.sp-easy-accordion>.sp-ea-single>.ea-header a .ea-expand-icon { float: left; color: #444;font-size: 16px;}<\/style><div id=\"sp_easy_accordion-1727020894\"><div id=\"sp-ea-1072\" class=\"sp-ea-one sp-easy-accordion\" data-ea-active=\"ea-click\" data-ea-mode=\"vertical\" data-preloader=\"\" data-scroll-active-item=\"\" data-offset-to-scroll=\"0\"><div class=\"ea-card ea-expand sp-ea-single\"><h3 class=\"ea-header\"><a class=\"collapsed\" id=\"ea-header-10720\" role=\"button\" data-sptoggle=\"spcollapse\" data-sptarget=\"#collapse10720\" aria-controls=\"collapse10720\" href=\"#\" aria-expanded=\"true\" tabindex=\"0\"><i aria-hidden=\"true\" role=\"presentation\" class=\"ea-expand-icon eap-icon-ea-expand-minus\"><\/i> CV<\/a><\/h3><div class=\"sp-collapse spcollapse collapsed show\" id=\"collapse10720\" data-parent=\"#sp-ea-1072\" role=\"region\" aria-labelledby=\"ea-header-10720\"> <div class=\"ea-body\"><p>PRIMVIS d.o.o. je podjetje, ki se odlikuje po svoji zavezanosti kakovosti in natan\u010dnosti v gradbeni\u0161tvu in gradbenem nadzoru. Od ustanovitve, leta 2012, je podjetje raz\u0161irilo svoje storitve in zdaj ponuja celovite re\u0161itve, ki segajo od izvedbe gradbenih del do strokovnega nadzora, skladno s FIDIC standardi. S poudarkom na sodelovanju in zadovoljstvu naro\u010dnikov, v podjetju neprestano vlagamo v svoje zaposlene in opremo, s tem pa zagotavljamo, da so vsi projekti izvedeni z najvi\u0161jo stopnjo strokovnosti. Podjetje se prilagaja potrebam trga in si prizadeva za ustvarjanje konkuren\u010dne prednosti, kar nam omogo\u010da, da smo konkuren\u010dni v svoji panogi in so\u010dasno zagotavljamo pozitivno delovno okolje za svoje zaposlene.<\/p><\/div><\/div><\/div><div class=\"ea-card sp-ea-single\"><h3 class=\"ea-header\"><a class=\"collapsed\" id=\"ea-header-10721\" role=\"button\" data-sptoggle=\"spcollapse\" data-sptarget=\"#collapse10721\" aria-controls=\"collapse10721\" href=\"#\" aria-expanded=\"false\" tabindex=\"0\"><i aria-hidden=\"true\" role=\"presentation\" class=\"ea-expand-icon eap-icon-ea-expand-plus\"><\/i> KOLEKTIV GRADNJE<\/a><\/h3><div class=\"sp-collapse spcollapse \" id=\"collapse10721\" data-parent=\"#sp-ea-1072\" role=\"region\" aria-labelledby=\"ea-header-10721\"> <div class=\"ea-body\"><ul><li>Luka Stani\u010d, u.d.i.g. (direktor in odgovorni vodja del)<\/li><li>Aleksander Puc, u.d.i.g. (odgovorni vodja del)<\/li><li>Borut Novak, d.i.g. (odgovorni vodja del)<\/li><li>Luka Koglot (pripravnik)<\/li><\/ul><\/div><\/div><\/div><div class=\"ea-card sp-ea-single\"><h3 class=\"ea-header\"><a class=\"collapsed\" id=\"ea-header-10722\" role=\"button\" data-sptoggle=\"spcollapse\" data-sptarget=\"#collapse10722\" aria-controls=\"collapse10722\" href=\"#\" aria-expanded=\"false\" tabindex=\"0\"><i aria-hidden=\"true\" role=\"presentation\" class=\"ea-expand-icon eap-icon-ea-expand-plus\"><\/i> KOLEKTIV GRADBENI NADZOR<\/a><\/h3><div class=\"sp-collapse spcollapse \" id=\"collapse10722\" data-parent=\"#sp-ea-1072\" role=\"region\" aria-labelledby=\"ea-header-10722\"> <div class=\"ea-body\"><ul><li>Matej \u0160krl, u.d.i.g. (poobla\u0161\u010deni in\u017eenir FIDIC in nadzornik)<\/li><li>Gorazd Bo\u017ei\u010d, u.d.i.g. (nadzornik)<\/li><\/ul><\/div><\/div><\/div><div class=\"ea-card sp-ea-single\"><h3 class=\"ea-header\"><a class=\"collapsed\" id=\"ea-header-10723\" role=\"button\" data-sptoggle=\"spcollapse\" data-sptarget=\"#collapse10723\" aria-controls=\"collapse10723\" href=\"#\" aria-expanded=\"false\" tabindex=\"0\"><i aria-hidden=\"true\" role=\"presentation\" class=\"ea-expand-icon eap-icon-ea-expand-plus\"><\/i> GLAVNA PISARNA<\/a><\/h3><div class=\"sp-collapse spcollapse \" id=\"collapse10723\" data-parent=\"#sp-ea-1072\" role=\"region\" aria-labelledby=\"ea-header-10723\"> <div class=\"ea-body\"><ul><li>Martina Stani\u010d<\/li><\/ul><\/div><\/div><\/div><\/div><\/div>\n<\/div><\/div><\/div><\/div><\/div><\/p>\n","protected":false},"excerpt":{"rendered":"","protected":false},"author":1,"featured_media":0,"parent":0,"menu_order":0,"comment_status":"closed","ping_status":"closed","template":"100-width.php","meta":{"footnotes":""},"class_list":["post-15","page","type-page","status-publish","hentry"],"_links":{"self":[{"href":"https:\/\/www.primvis.si\/index.php\/wp-json\/wp\/v2\/pages\/15","targetHints":{"allow":["GET"]}}],"collection":[{"href":"https:\/\/www.primvis.si\/index.php\/wp-json\/wp\/v2\/pages"}],"about":[{"href":"https:\/\/www.primvis.si\/index.php\/wp-json\/wp\/v2\/types\/page"}],"author":[{"embeddable":true,"href":"https:\/\/www.primvis.si\/index.php\/wp-json\/wp\/v2\/users\/1"}],"replies":[{"embeddable":true,"href":"https:\/\/www.primvis.si\/index.php\/wp-json\/wp\/v2\/comments?post=15"}],"version-history":[{"count":93,"href":"https:\/\/www.primvis.si\/index.php\/wp-json\/wp\/v2\/pages\/15\/revisions"}],"predecessor-version":[{"id":874,"href":"https:\/\/www.primvis.si\/index.php\/wp-json\/wp\/v2\/pages\/15\/revisions\/874"}],"wp:attachment":[{"href":"https:\/\/www.primvis.si\/index.php\/wp-json\/wp\/v2\/media?parent=15"}],"curies":[{"name":"wp","href":"https:\/\/api.w.org\/{rel}","templated":true}]}}